{"id":473,"date":"2025-04-22T16:06:25","date_gmt":"2025-04-22T16:06:25","guid":{"rendered":"https:\/\/15dalaura.com.br\/?post_type=product&#038;p=473"},"modified":"2025-04-22T16:06:25","modified_gmt":"2025-04-22T16:06:25","slug":"kit-2-arandelas-interno-retro-dubai-aluminio-decoracoes","status":"publish","type":"product","link":"https:\/\/15dalaura.com.br\/?product=kit-2-arandelas-interno-retro-dubai-aluminio-decoracoes","title":{"rendered":"Kit 2 Arandelas Interno Retro Dubai Alum\u00ednio Decora\u00e7\u00f5es"},"content":{"rendered":"<p><img fetchpriority=\"high\" decoding=\"async\" class=\"alignnone size-medium wp-image-474\" src=\"https:\/\/15dalaura.com.br\/wp-content\/uploads\/2025\/04\/WhatsApp-Image-2025-03-30-at-14.32.26-1-300x300.jpeg\" alt=\"\" width=\"300\" height=\"300\" srcset=\"https:\/\/15dalaura.com.br\/wp-content\/uploads\/2025\/04\/WhatsApp-Image-2025-03-30-at-14.32.26-1-300x300.jpeg 300w, https:\/\/15dalaura.com.br\/wp-content\/uploads\/2025\/04\/WhatsApp-Image-2025-03-30-at-14.32.26-1-100x100.jpeg 100w, https:\/\/15dalaura.com.br\/wp-content\/uploads\/2025\/04\/WhatsApp-Image-2025-03-30-at-14.32.26-1-600x600.jpeg 600w, https:\/\/15dalaura.com.br\/wp-content\/uploads\/2025\/04\/WhatsApp-Image-2025-03-30-at-14.32.26-1-150x150.jpeg 150w, https:\/\/15dalaura.com.br\/wp-content\/uploads\/2025\/04\/WhatsApp-Image-2025-03-30-at-14.32.26-1-768x768.jpeg 768w, https:\/\/15dalaura.com.br\/wp-content\/uploads\/2025\/04\/WhatsApp-Image-2025-03-30-at-14.32.26-1.jpeg 1024w\" sizes=\"(max-width: 300px) 100vw, 300px\" \/><\/p>\n","protected":false},"excerpt":{"rendered":"","protected":false},"featured_media":474,"template":"","meta":[],"product_brand":[],"product_cat":[23],"product_tag":[],"class_list":{"0":"post-473","1":"product","2":"type-product","3":"status-publish","4":"has-post-thumbnail","6":"product_cat-sem-categoria","8":"first","9":"instock","10":"shipping-taxable","11":"purchasable","12":"product-type-simple"},"_links":{"self":[{"href":"https:\/\/15dalaura.com.br\/index.php?rest_route=\/wp\/v2\/product\/473","targetHints":{"allow":["GET"]}}],"collection":[{"href":"https:\/\/15dalaura.com.br\/index.php?rest_route=\/wp\/v2\/product"}],"about":[{"href":"https:\/\/15dalaura.com.br\/index.php?rest_route=\/wp\/v2\/types\/product"}],"wp:featuredmedia":[{"embeddable":true,"href":"https:\/\/15dalaura.com.br\/index.php?rest_route=\/wp\/v2\/media\/474"}],"wp:attachment":[{"href":"https:\/\/15dalaura.com.br\/index.php?rest_route=%2Fwp%2Fv2%2Fmedia&parent=473"}],"wp:term":[{"taxonomy":"product_brand","embeddable":true,"href":"https:\/\/15dalaura.com.br\/index.php?rest_route=%2Fwp%2Fv2%2Fproduct_brand&post=473"},{"taxonomy":"product_cat","embeddable":true,"href":"https:\/\/15dalaura.com.br\/index.php?rest_route=%2Fwp%2Fv2%2Fproduct_cat&post=473"},{"taxonomy":"product_tag","embeddable":true,"href":"https:\/\/15dalaura.com.br\/index.php?rest_route=%2Fwp%2Fv2%2Fproduct_tag&post=473"}],"curies":[{"name":"wp","href":"https:\/\/api.w.org\/{rel}","templated":true}]}}