{"id":579,"date":"2025-06-12T18:08:20","date_gmt":"2025-06-12T18:08:20","guid":{"rendered":"https:\/\/15dalaura.com.br\/?post_type=product&#038;p=579"},"modified":"2025-06-12T18:10:08","modified_gmt":"2025-06-12T18:10:08","slug":"starter-pack-pockets-de-manteiga-esfoliante","status":"publish","type":"product","link":"https:\/\/15dalaura.com.br\/?product=starter-pack-pockets-de-manteiga-esfoliante","title":{"rendered":"STARTER PACK: POCKETS DE MANTEIGA + ESFOLIANTE"},"content":{"rendered":"<p>O Kit\u00a0<em>Pockets<\/em>\u00a0Completo re\u00fane todas as nossas fragr\u00e2ncias em vers\u00f5es mini de manteigas (30g) e esfoliantes (100g)<\/p>\n","protected":false},"excerpt":{"rendered":"<p>O Kit\u00a0Pockets\u00a0Completo re\u00fane todas as nossas fragr\u00e2ncias em vers\u00f5es mini de manteigas (30g) e esfoliantes (100g)<\/p>\n","protected":false},"featured_media":580,"template":"","meta":[],"product_brand":[],"product_cat":[23],"product_tag":[],"class_list":{"0":"post-579","1":"product","2":"type-product","3":"status-publish","4":"has-post-thumbnail","6":"product_cat-sem-categoria","8":"first","9":"instock","10":"virtual","11":"purchasable","12":"product-type-simple"},"_links":{"self":[{"href":"https:\/\/15dalaura.com.br\/index.php?rest_route=\/wp\/v2\/product\/579","targetHints":{"allow":["GET"]}}],"collection":[{"href":"https:\/\/15dalaura.com.br\/index.php?rest_route=\/wp\/v2\/product"}],"about":[{"href":"https:\/\/15dalaura.com.br\/index.php?rest_route=\/wp\/v2\/types\/product"}],"wp:featuredmedia":[{"embeddable":true,"href":"https:\/\/15dalaura.com.br\/index.php?rest_route=\/wp\/v2\/media\/580"}],"wp:attachment":[{"href":"https:\/\/15dalaura.com.br\/index.php?rest_route=%2Fwp%2Fv2%2Fmedia&parent=579"}],"wp:term":[{"taxonomy":"product_brand","embeddable":true,"href":"https:\/\/15dalaura.com.br\/index.php?rest_route=%2Fwp%2Fv2%2Fproduct_brand&post=579"},{"taxonomy":"product_cat","embeddable":true,"href":"https:\/\/15dalaura.com.br\/index.php?rest_route=%2Fwp%2Fv2%2Fproduct_cat&post=579"},{"taxonomy":"product_tag","embeddable":true,"href":"https:\/\/15dalaura.com.br\/index.php?rest_route=%2Fwp%2Fv2%2Fproduct_tag&post=579"}],"curies":[{"name":"wp","href":"https:\/\/api.w.org\/{rel}","templated":true}]}}